{"id":543,"date":"2021-09-07T18:11:40","date_gmt":"2021-09-07T18:11:40","guid":{"rendered":"https:\/\/pracowniaswiadomychemocji.pl\/index.php\/strona-glowna\/"},"modified":"2026-02-23T20:00:45","modified_gmt":"2026-02-23T19:00:45","slug":"strona-glowna","status":"publish","type":"page","link":"https:\/\/pracowniaswiadomychemocji.pl\/","title":{"rendered":"Strona G\u0142\u00f3wna"},"content":{"rendered":"\n    \n    <section class=\"u-align-center-xs u-clearfix u-custom-color-2 u-section-2\" id=\"sec-b305\">\n      <div class=\"u-clearfix u-sheet u-valign-middle-xs u-sheet-1\">\n        <div class=\"data-layout-selected u-clearfix u-expanded-width u-gutter-0 u-layout-wrap u-layout-wrap-1\">\n          <div class=\"u-layout\" style=\"\">\n            <div class=\"u-layout-row\" style=\"\">\n              <div class=\"u-container-style u-custom-color-2 u-layout-cell u-left-cell u-size-30 u-size-xs-60 u-layout-cell-1\" src=\"\">\n                <div class=\"u-container-layout u-container-layout-1\">\n                  <p class=\"u-align-center u-custom-font u-font-ubuntu u-text u-text-1\">&nbsp; Nazywam si\u0119 <b style=\"\">Malwina Ko\u0142aczkowska<\/b>&nbsp; &nbsp;<br>\n                    <br> Specjalizuj\u0119 si\u0119 w pracy z&nbsp;<b>traum\u0105<\/b> i jej wp\u0142ywem na\nfunkcjonowanie&nbsp;<b>psychiczne<\/b>, <b>emocjonalne<\/b> oraz <b>relacyjne<\/b>.<br> W swojej praktyce opracowa\u0142am <b>autorsk\u0105 metod\u0119<\/b> integruj\u0105c\u0105 r\u00f3\u017cne\npodej\u015bcia terapeutyczne, umo\u017cliwiaj\u0105c\u0105 g\u0142\u0119bok\u0105 i skuteczn\u0105 prac\u0119 z cia\u0142em,\nemocjami i umys\u0142em.&nbsp;&nbsp;<br>\n                    <br> Z wykszta\u0142cenia jestem:&nbsp;<b>Psychotraumatologiem<\/b>,&nbsp;<b>\n                      <br> Psychologiem <\/b>specjalno\u015bci<i> klinicznej i osobowo\u015bci.<\/i>&nbsp;<br> Jestem<b>&nbsp;terapeut\u0105 ustawie\u0144 systemowych<\/b>.&nbsp;<br> Uko\u0144czy\u0142am r\u00f3wnie\u017c&nbsp;<i>studia podyplomowe<\/i>&nbsp;<br> z <b>Psychobiologii Zdrowia<\/b> .&nbsp;<br> Jestem konsultantk\u0105 <b>Totalnej Biologii<\/b> oraz&nbsp;<br> trenerk\u0105 metody <b>EFT\/Cellular EFT<\/b>.<br>\n                    <br> Pomagam osobom, kt\u00f3re do\u015bwiadczy\u0142y <b>traumy<\/b>&nbsp;odzyska\u0107&nbsp;<br> kontakt z w\u0142asnym cia\u0142em, <b>emocjami<\/b> i wewn\u0119trzn\u0105 si\u0142\u0105.<br> &nbsp;<br> W pracy \u0142\u0105cz\u0119 r\u00f3\u017cne podej\u015bcia.&nbsp;<br> Podczas praktyki stworzy\u0142am <b>autorsk\u0105 metod\u0119<\/b>, kt\u00f3ra&nbsp;<br> umo\u017cliwia realne zmiany w \u017cyciu i transformacj\u0119&nbsp;<br> zapisanych w ciele wzorc\u00f3w.<br> &nbsp;<br> Towarzysz\u0119 w procesie powrotu do autentycznego \u017cycia, wspieraj\u0105c w odbudowie\npoczucia bezpiecze\u0144stwa,&nbsp;<br> jasno\u015bci i wewn\u0119trznej mocy.&nbsp; \n                  <\/p>\n                <\/div>\n              <\/div>\n              <div class=\"u-align-center u-container-align-center u-container-style u-image u-layout-cell u-right-cell u-size-30 u-size-xs-60 u-image-1\" src=\"\" data-image-width=\"1140\" data-image-height=\"1709\" style=\"background-image: url(&quot;https:\/\/pracowniaswiadomychemocji.pl\/wp-content\/uploads\/2025\/11\/1.jpg&quot;);\">\n                <div class=\"u-container-layout u-valign-middle u-container-layout-2\" src=\"\"><\/div>\n              <\/div>\n            <\/div>\n          <\/div>\n        <\/div>\n      <\/div>\n    <\/section>\n    <section class=\"u-align-center u-clearfix u-container-align-center u-custom-color-2 u-section-3\" id=\"sec-70d2\">\n      <div class=\"u-align-left u-clearfix u-sheet u-valign-middle u-sheet-1\">\n        <div class=\"u-expanded-width u-list u-list-1\">\n          <div class=\"u-repeater u-repeater-1\">\n            <div class=\"u-container-style u-list-item u-repeater-item\">\n              <div class=\"u-container-layout u-similar-container u-valign-bottom u-container-layout-1\"><span class=\"u-icon u-icon-1\"><svg class=\"u-svg-link\" preserveAspectRatio=\"xMidYMin slice\" viewBox=\"0 0 60 60\" style=\"\"><use xlink:href=\"#svg-7169\"><\/use><\/svg><svg class=\"u-svg-content\" viewBox=\"0 0 60 60\" x=\"0px\" y=\"0px\" id=\"svg-7169\" style=\"enable-background:new 0 0 60 60;\"><g><path d=\"M30,0C13.458,0,0,13.458,0,30s13.458,30,30,30s30-13.458,30-30S46.542,0,30,0z M30,58C14.561,58,2,45.439,2,30\n\t\tS14.561,2,30,2s28,12.561,28,28S45.439,58,30,58z\"><\/path><path d=\"M31,26.021V15.879c0-0.553-0.448-1-1-1s-1,0.447-1,1v10.142c-1.399,0.364-2.494,1.459-2.858,2.858H19c-0.552,0-1,0.447-1,1\n\t\ts0.448,1,1,1h7.142c0.447,1.72,2,3,3.858,3c2.206,0,4-1.794,4-4C34,28.02,32.72,26.468,31,26.021z M30,31.879c-1.103,0-2-0.897-2-2\n\t\ts0.897-2,2-2s2,0.897,2,2S31.103,31.879,30,31.879z\"><\/path><path d=\"M30,9.879c0.552,0,1-0.447,1-1v-1c0-0.553-0.448-1-1-1s-1,0.447-1,1v1C29,9.432,29.448,9.879,30,9.879z\"><\/path><path d=\"M30,49.879c-0.552,0-1,0.447-1,1v1c0,0.553,0.448,1,1,1s1-0.447,1-1v-1C31,50.326,30.552,49.879,30,49.879z\"><\/path><path d=\"M52,28.879h-1c-0.552,0-1,0.447-1,1s0.448,1,1,1h1c0.552,0,1-0.447,1-1S52.552,28.879,52,28.879z\"><\/path><path d=\"M9,28.879H8c-0.552,0-1,0.447-1,1s0.448,1,1,1h1c0.552,0,1-0.447,1-1S9.552,28.879,9,28.879z\"><\/path><path d=\"M44.849,13.615l-0.707,0.707c-0.391,0.391-0.391,1.023,0,1.414c0.195,0.195,0.451,0.293,0.707,0.293\n\t\ts0.512-0.098,0.707-0.293l0.707-0.707c0.391-0.391,0.391-1.023,0-1.414S45.24,13.225,44.849,13.615z\"><\/path><path d=\"M14.444,44.021l-0.707,0.707c-0.391,0.391-0.391,1.023,0,1.414c0.195,0.195,0.451,0.293,0.707,0.293\n\t\ts0.512-0.098,0.707-0.293l0.707-0.707c0.391-0.391,0.391-1.023,0-1.414S14.834,43.631,14.444,44.021z\"><\/path><path d=\"M45.556,44.021c-0.391-0.391-1.023-0.391-1.414,0s-0.391,1.023,0,1.414l0.707,0.707c0.195,0.195,0.451,0.293,0.707,0.293\n\t\ts0.512-0.098,0.707-0.293c0.391-0.391,0.391-1.023,0-1.414L45.556,44.021z\"><\/path><path d=\"M15.151,13.615c-0.391-0.391-1.023-0.391-1.414,0s-0.391,1.023,0,1.414l0.707,0.707c0.195,0.195,0.451,0.293,0.707,0.293\n\t\ts0.512-0.098,0.707-0.293c0.391-0.391,0.391-1.023,0-1.414L15.151,13.615z\"><\/path>\n<\/g><\/svg><\/span>\n                <h3 class=\"u-align-center u-text u-text-1\">Dogodne godziny<\/h3>\n                <p class=\"u-align-center u-text u-text-2\">Czas to warto\u015b\u0107. Konsultacje umawiam w spos\u00f3b, kt\u00f3ry szanuje zar\u00f3wno Tw\u00f3j, jak i m\u00f3j czas. <\/p>\n              <\/div>\n            <\/div>\n            <div class=\"u-align-center u-container-align-center u-container-style u-list-item u-repeater-item\">\n              <div class=\"u-container-layout u-similar-container u-valign-bottom u-container-layout-2\"><span class=\"u-icon u-icon-2\"><svg class=\"u-svg-link\" preserveAspectRatio=\"xMidYMin slice\" viewBox=\"0 0 54.908 54.908\" style=\"\"><use xlink:href=\"#svg-7cec\"><\/use><\/svg><svg class=\"u-svg-content\" viewBox=\"0 0 54.908 54.908\" x=\"0px\" y=\"0px\" id=\"svg-7cec\" style=\"enable-background:new 0 0 54.908 54.908;\"><g><path d=\"M54.615,19.123c-7.243-7.244-16.89-11.233-27.161-11.233S7.537,11.878,0.293,19.123c-0.391,0.391-0.391,1.023,0,1.414\n\t\ts1.023,0.391,1.414,0C8.573,13.67,17.717,9.889,27.454,9.889s18.881,3.781,25.747,10.647c0.195,0.195,0.451,0.293,0.707,0.293\n\t\ts0.512-0.098,0.707-0.293C55.006,20.146,55.006,19.513,54.615,19.123z\"><\/path><path d=\"M6.171,25c-0.391,0.391-0.391,1.023,0,1.414c0.195,0.195,0.451,0.293,0.707,0.293s0.512-0.098,0.707-0.293\n\t\tc10.955-10.956,28.781-10.956,39.737,0c0.391,0.391,1.023,0.391,1.414,0s0.391-1.023,0-1.414C37.002,13.266,17.907,13.264,6.171,25\n\t\tz\"><\/path><path d=\"M27.454,24.508c-5.825,0-11.295,2.263-15.404,6.371c-0.391,0.391-0.391,1.023,0,1.414s1.023,0.391,1.414,0\n\t\tc3.731-3.73,8.699-5.785,13.99-5.785c5.291,0,10.259,2.055,13.99,5.785c0.195,0.195,0.451,0.293,0.707,0.293\n\t\ts0.512-0.098,0.707-0.293c0.391-0.391,0.391-1.023,0-1.414C38.75,26.771,33.279,24.508,27.454,24.508z\"><\/path><path d=\"M27.454,33.916c-3.612,0-6.551,2.939-6.551,6.552s2.939,6.552,6.551,6.552c3.613,0,6.552-2.939,6.552-6.552\n\t\tS31.067,33.916,27.454,33.916z M27.454,45.019c-2.51,0-4.551-2.042-4.551-4.552s2.042-4.552,4.551-4.552s4.552,2.042,4.552,4.552\n\t\tS29.964,45.019,27.454,45.019z\"><\/path>\n<\/g><\/svg><\/span>\n                <h3 class=\"u-align-center u-text u-text-3\">Spotkania online i stacjonarne<\/h3>\n                <p class=\"u-align-center u-text u-text-4\">Sesje online niczym nie ust\u0119puj\u0105 spotkaniom w gabinecie. Pracuj\u0119 stacjonarnie we W\u0142oc\u0142awku, a przez Internet mo\u017cesz po\u0142\u0105czy\u0107 si\u0119 ze mn\u0105 z ka\u017cdego miejsca na \u015bwiecie. <\/p>\n              <\/div>\n            <\/div>\n            <div class=\"u-container-style u-list-item u-repeater-item\">\n              <div class=\"u-container-layout u-similar-container u-valign-bottom u-container-layout-3\"><span class=\"u-icon u-icon-3\"><svg class=\"u-svg-link\" preserveAspectRatio=\"xMidYMin slice\" viewBox=\"0 0 60 60\" style=\"\"><use xlink:href=\"#svg-ed7b\"><\/use><\/svg><svg class=\"u-svg-content\" viewBox=\"0 0 60 60\" x=\"0px\" y=\"0px\" id=\"svg-ed7b\" style=\"enable-background:new 0 0 60 60;\"><path d=\"M55.014,45.389l-9.553-4.776C44.56,40.162,44,39.256,44,38.248v-3.381c0.229-0.28,0.47-0.599,0.719-0.951\n\tc1.239-1.75,2.232-3.698,2.954-5.799C49.084,27.47,50,26.075,50,24.5v-4c0-0.963-0.36-1.896-1-2.625v-5.319\n\tc0.056-0.55,0.276-3.824-2.092-6.525C44.854,3.688,41.521,2.5,37,2.5s-7.854,1.188-9.908,3.53c-1.435,1.637-1.918,3.481-2.064,4.805\n\tC23.314,9.949,21.294,9.5,19,9.5c-10.389,0-10.994,8.855-11,9v4.579c-0.648,0.706-1,1.521-1,2.33v3.454\n\tc0,1.079,0.483,2.085,1.311,2.765c0.825,3.11,2.854,5.46,3.644,6.285v2.743c0,0.787-0.428,1.509-1.171,1.915l-6.653,4.173\n\tC1.583,48.134,0,50.801,0,53.703V57.5h14h2h44v-4.043C60,50.019,58.089,46.927,55.014,45.389z M14,53.262V55.5H2v-1.797\n\tc0-2.17,1.184-4.164,3.141-5.233l6.652-4.173c1.333-0.727,2.161-2.121,2.161-3.641v-3.591l-0.318-0.297\n\tc-0.026-0.024-2.683-2.534-3.468-5.955l-0.091-0.396l-0.342-0.22C9.275,29.899,9,29.4,9,28.863v-3.454\n\tc0-0.36,0.245-0.788,0.671-1.174L10,23.938l-0.002-5.38C10.016,18.271,10.537,11.5,19,11.5c2.393,0,4.408,0.553,6,1.644v4.731\n\tc-0.64,0.729-1,1.662-1,2.625v4c0,0.304,0.035,0.603,0.101,0.893c0.027,0.116,0.081,0.222,0.118,0.334\n\tc0.055,0.168,0.099,0.341,0.176,0.5c0.001,0.002,0.002,0.003,0.003,0.005c0.256,0.528,0.629,1,1.099,1.377\n\tc0.005,0.019,0.011,0.036,0.016,0.054c0.06,0.229,0.123,0.457,0.191,0.68l0.081,0.261c0.014,0.046,0.031,0.093,0.046,0.139\n\tc0.035,0.108,0.069,0.215,0.105,0.321c0.06,0.175,0.123,0.356,0.196,0.553c0.031,0.082,0.065,0.156,0.097,0.237\n\tc0.082,0.209,0.164,0.411,0.25,0.611c0.021,0.048,0.039,0.1,0.06,0.147l0.056,0.126c0.026,0.058,0.053,0.11,0.079,0.167\n\tc0.098,0.214,0.194,0.421,0.294,0.621c0.016,0.032,0.031,0.067,0.047,0.099c0.063,0.125,0.126,0.243,0.189,0.363\n\tc0.108,0.206,0.214,0.4,0.32,0.588c0.052,0.092,0.103,0.182,0.154,0.269c0.144,0.246,0.281,0.472,0.414,0.682\n\tc0.029,0.045,0.057,0.092,0.085,0.135c0.242,0.375,0.452,0.679,0.626,0.916c0.046,0.063,0.086,0.117,0.125,0.17\n\tc0.022,0.029,0.052,0.071,0.071,0.097v3.309c0,0.968-0.528,1.856-1.377,2.32l-2.646,1.443l-0.461-0.041l-0.188,0.395l-5.626,3.069\n\tC15.801,46.924,14,49.958,14,53.262z M58,55.5H16v-2.238c0-2.571,1.402-4.934,3.659-6.164l8.921-4.866\n\tC30.073,41.417,31,39.854,31,38.155v-4.018v-0.001l-0.194-0.232l-0.038-0.045c-0.002-0.003-0.064-0.078-0.165-0.21\n\tc-0.006-0.008-0.012-0.016-0.019-0.024c-0.053-0.069-0.115-0.152-0.186-0.251c-0.001-0.002-0.002-0.003-0.003-0.005\n\tc-0.149-0.207-0.336-0.476-0.544-0.8c-0.005-0.007-0.009-0.015-0.014-0.022c-0.098-0.153-0.202-0.32-0.308-0.497\n\tc-0.008-0.013-0.016-0.026-0.024-0.04c-0.226-0.379-0.466-0.808-0.705-1.283c0,0-0.001-0.001-0.001-0.002\n\tc-0.127-0.255-0.254-0.523-0.378-0.802l0,0c-0.017-0.039-0.035-0.077-0.052-0.116h0c-0.055-0.125-0.11-0.256-0.166-0.391\n\tc-0.02-0.049-0.04-0.1-0.06-0.15c-0.052-0.131-0.105-0.263-0.161-0.414c-0.102-0.272-0.198-0.556-0.29-0.849l-0.055-0.178\n\tc-0.006-0.02-0.013-0.04-0.019-0.061c-0.094-0.316-0.184-0.639-0.26-0.971l-0.091-0.396l-0.341-0.22\n\tC26.346,25.803,26,25.176,26,24.5v-4c0-0.561,0.238-1.084,0.67-1.475L27,18.728V12.5v-0.354l-0.027-0.021\n\tc-0.034-0.722,0.009-2.935,1.623-4.776C30.253,5.458,33.081,4.5,37,4.5c3.905,0,6.727,0.951,8.386,2.828\n\tc1.947,2.201,1.625,5.017,1.623,5.041L47,18.728l0.33,0.298C47.762,19.416,48,19.939,48,20.5v4c0,0.873-0.572,1.637-1.422,1.899\n\tl-0.498,0.153l-0.16,0.495c-0.669,2.081-1.622,4.003-2.834,5.713c-0.297,0.421-0.586,0.794-0.837,1.079L42,34.123v4.125\n\tc0,1.77,0.983,3.361,2.566,4.153l9.553,4.776C56.513,48.374,58,50.78,58,53.457V55.5z\"><\/path><\/svg><\/span>\n                <h3 class=\"u-align-center u-text u-text-5\">Skuteczna terapia<\/h3>\n                <p class=\"u-align-center u-text u-text-6\"> Ka\u017cda osoba jest inna i wymaga indywidualnego podej\u015bcia. Nie trzymam si\u0119 teorii. Skupiam si\u0119 na tym, co realnie przynosi zmian\u0119.<\/p>\n              <\/div>\n            <\/div>\n          <\/div>\n        <\/div>\n      <\/div>\n    <\/section>\n    <section class=\"u-clearfix u-custom-color-1 u-section-4\" id=\"sec-30e3\">\n      <div class=\"u-clearfix u-sheet u-valign-middle-lg u-valign-middle-md u-valign-middle-sm u-valign-middle-xl u-sheet-1\">\n        <div class=\"data-layout-selected u-clearfix u-expanded-width u-layout-wrap u-layout-wrap-1\">\n          <div class=\"u-layout\">\n            <div class=\"u-layout-row\">\n              <div class=\"u-container-style u-layout-cell u-size-20 u-layout-cell-1\" data-href=\"https:\/\/pracowniaswiadomychemocji.pl\/index.php\/moje-metody-pracy\/\">\n                <div class=\"u-container-layout u-container-layout-1\">\n                  <img decoding=\"async\" class=\"u-expanded-width u-image u-image-1\" src=\"https:\/\/pracowniaswiadomychemocji.pl\/wp-content\/uploads\/2025\/11\/2171125-1.jpg\" data-image-width=\"1140\" data-image-height=\"1709\" data-href=\"https:\/\/pracowniaswiadomychemocji.pl\/index.php\/moje-metody-pracy\/\">\n                  <h3 class=\"u-align-center u-custom-font u-font-ubuntu u-text u-text-1\">\n                    <a class=\"u-active-none u-border-none u-btn u-button-link u-button-style u-hover-none u-none u-text-body-color u-btn-1\" href=\"https:\/\/pracowniaswiadomychemocji.pl\/index.php\/moje-metody-pracy\/\">Moje metody pracy<span style=\"font-size: 2.25rem;\"><\/span>\n                    <\/a>\n                  <\/h3>\n                <\/div>\n              <\/div>\n              <div class=\"u-container-style u-layout-cell u-size-20 u-layout-cell-2\" data-href=\"https:\/\/pracowniaswiadomychemocji.pl\/index.php\/indywidualna-praca-ze-mna\/\">\n                <div class=\"u-container-layout u-container-layout-2\">\n                  <img decoding=\"async\" class=\"u-expanded-width u-image u-image-2\" src=\"https:\/\/pracowniaswiadomychemocji.pl\/wp-content\/uploads\/2025\/11\/3111725.jpg\" data-image-width=\"1140\" data-image-height=\"1710\" data-href=\"https:\/\/pracowniaswiadomychemocji.pl\/index.php\/indywidualna-praca-ze-mna\/\">\n                  <h3 class=\"u-align-center u-custom-font u-font-ubuntu u-text u-text-2\">\n                    <a class=\"u-active-none u-border-none u-btn u-button-link u-button-style u-hover-none u-none u-text-body-color u-btn-2\" href=\"https:\/\/pracowniaswiadomychemocji.pl\/index.php\/pracuj-ze-mna\/\">Indywidualna praca ze mn\u0105<\/a>\n                  <\/h3>\n                <\/div>\n              <\/div>\n              <div class=\"u-align-left u-container-align-center-lg u-container-align-left u-container-align-left-sm u-container-align-left-xl u-container-align-left-xs u-container-style u-layout-cell u-size-20 u-layout-cell-3\">\n                <div class=\"u-container-layout u-valign-bottom-md u-valign-top-sm u-container-layout-3\">\n                  <img decoding=\"async\" class=\"u-expanded-width-lg u-expanded-width-sm u-expanded-width-xl u-expanded-width-xs u-image u-image-default u-image-3\" src=\"https:\/\/pracowniaswiadomychemocji.pl\/wp-content\/uploads\/2025\/11\/4171125.jpg\" alt=\"\" data-image-width=\"1140\" data-image-height=\"1710\" data-href=\"https:\/\/pracowniaswiadomychemocji.pl\/index.php\/warsztaty-i-kursy-online\/\">\n                  <h3 class=\"u-align-center-lg u-align-center-md u-align-center-sm u-align-center-xs u-text u-text-default u-text-3\">\n                    <a class=\"u-active-none u-border-none u-btn u-button-link u-button-style u-hover-none u-none u-text-body-color u-btn-3\" href=\"https:\/\/pracowniaswiadomychemocji.pl\/index.php\/warsztaty-i-kursy-online\/\">Warsztaty i kursy online<\/a>\n                  <\/h3>\n                <\/div>\n              <\/div>\n            <\/div>\n          <\/div>\n        <\/div>\n      <\/div>\n    <\/section>\n    <section class=\"u-clearfix u-custom-color-1 u-section-5\" id=\"sec-8b7b\">\n      <div class=\"u-clearfix u-sheet u-sheet-1\">\n        <div class=\"data-layout-selected u-clearfix u-expanded-width-lg u-expanded-width-md u-expanded-width-sm u-layout-wrap u-layout-wrap-1\">\n          <div class=\"u-gutter-0 u-layout\">\n            <div class=\"u-layout-row\">\n              <div class=\"u-size-30\">\n                <div class=\"u-layout-col\">\n                  <div class=\"u-align-left u-container-align-left u-container-style u-image u-layout-cell u-right-cell u-size-60 u-image-1\" data-image-width=\"1140\" data-image-height=\"1710\" style=\"background-image: url(&quot;https:\/\/pracowniaswiadomychemocji.pl\/wp-content\/uploads\/2025\/11\/5171125.jpg&quot;);\">\n                    <div class=\"u-container-layout\"><\/div>\n                  <\/div>\n                <\/div>\n              <\/div>\n              <div class=\"u-size-30\">\n                <div class=\"u-layout-row\">\n                  <div class=\"u-container-style u-layout-cell u-left-cell u-size-60 u-white u-layout-cell-2\">\n                    <div class=\"u-container-layout u-container-layout-2\">\n                      <h1 class=\"u-align-center u-text u-text-1\">&nbsp; &nbsp; Napisz do mnie<\/h1>\n                      <div class=\"u-expanded-width u-form u-form-1\">\n                                <script>\n            function onSuccess(event) {\n                if (typeof window.serviceRequest !== 'undefined') {\n                    window.serviceRequest(jQuery(this).find('form'));\n                }\n                var msgContainer = jQuery(event.currentTarget).find('.wpcf7-response-output');\n                msgContainer.removeClass('u-form-send-error').addClass('u-form-send-message u-form-send-success');\n                msgContainer.show();\n                var redirectAddress = jQuery(event.currentTarget).find('[redirect-address]').attr('redirect-address');\n                if (redirectAddress) {\n                    setTimeout(function () {\n                        location.replace(redirectAddress);\n                    }, 2000);\n                }\n            }\n            function onError(event) {\n                var msgContainer = jQuery(event.currentTarget).find('.wpcf7-response-output');\n                msgContainer.removeClass('u-form-send-success').addClass('u-form-send-message u-form-send-error');\n                msgContainer.show();\n            }\n\n            jQuery('body')\n                .on('wpcf7mailsent',   '.u-form .wpcf7', onSuccess)\n                .on('wpcf7invalid',    '.u-form .wpcf7', onError)\n                .on('wpcf7:unaccepted', '.u-form .wpcf7', onError)\n                .on('wpcf7spam',       '.u-form .wpcf7', onError)\n                .on('wpcf7:aborted',    '.u-form .wpcf7', onError)\n                .on('wpcf7mailfailed', '.u-form .wpcf7', onError);\n        <\/script>\n        <style>\n            .u-form .wpcf7-response-output {\n                \/*position: relative !important;*\/\n                margin: 0 !important;\n                bottom: -70px!important;\n            }\n            .u-form .wpcf7 .ajax-loader {\n                margin-left: -24px;\n                margin-right: 0;\n            }\n        <\/style>\n\n<div class=\"wpcf7 no-js\" id=\"wpcf7-f555-o1\" lang=\"pl-PL\" dir=\"ltr\" data-wpcf7-id=\"555\">\n<div class=\"screen-reader-response\"><p role=\"status\" aria-live=\"polite\" aria-atomic=\"true\"><\/p> <ul><\/ul><\/div>\n<form style=\"padding: 0;\" action=\"\/index.php\/wp-json\/wp\/v2\/pages\/543#wpcf7-f555-o1\" method=\"post\" class=\"wpcf7-form init u-clearfix u-form-spacing-20 u-form-vertical u-inner-form u-form-custom-backend\" aria-label=\"Formularz kontaktowy\" novalidate=\"novalidate\" data-status=\"init\">\n<fieldset class=\"hidden-fields-container\"><input type=\"hidden\" name=\"_wpcf7\" value=\"555\" \/><input type=\"hidden\" name=\"_wpcf7_version\" value=\"6.1.5\" \/><input type=\"hidden\" name=\"_wpcf7_locale\" value=\"pl_PL\" \/><input type=\"hidden\" name=\"_wpcf7_unit_tag\" value=\"wpcf7-f555-o1\" \/><input type=\"hidden\" name=\"_wpcf7_container_post\" value=\"0\" \/><input type=\"hidden\" name=\"_wpcf7_posted_data_hash\" value=\"\" \/>\n<\/fieldset>\n\n                          <div class=\"u-form-group wpcf7-form-control-wrap u-form-name u-form-partition-factor-2 u-form-group wpcf7-form-control-wrap-1\">\n                            <label for=\"name-d70e\" class=\"u-form-control-hidden u-label\">Name<\/label>\n                            <input type=\"text\" placeholder=\"Imi\u0119, Nazwisko\" id=\"name-d70e\" name=\"name1\" class=\"u-border-palette-5-base u-input wpcf7-form-control u-input-rectangle\" required=\"\">\n                          <\/div>\n                          <div class=\"u-form-email u-form-group wpcf7-form-control-wrap u-form-partition-factor-2 u-form-group wpcf7-form-control-wrap-2\">\n                            <label for=\"email-d70e\" class=\"u-form-control-hidden u-label\">Email<\/label>\n                            <input type=\"email\" placeholder=\"tw\u00f3j adrs e-mail\" id=\"email-d70e\" name=\"email\" class=\"u-border-palette-5-base u-input wpcf7-form-control u-input-rectangle\" required=\"\">\n                          <\/div>\n                          <div class=\"u-form-address u-form-group wpcf7-form-control-wrap u-form-group wpcf7-form-control-wrap-3\">\n                            <label for=\"address-2127\" class=\"u-form-control-hidden u-label\">Address<\/label>\n                            <input type=\"text\" placeholder=\"Temat wiadomo\u015bci\" id=\"address-2127\" name=\"address\" class=\"u-border-palette-5-base u-input wpcf7-form-control u-input-rectangle\" required=\"\">\n                          <\/div>\n                          <div class=\"u-form-group wpcf7-form-control-wrap u-form-message u-form-group wpcf7-form-control-wrap-4\">\n                            <label for=\"message-d70e\" class=\"u-form-control-hidden u-label\">Message<\/label>\n                            <textarea placeholder=\"Twoja wiadomo\u015b\u0107\" rows=\"4\" cols=\"50\" id=\"message-d70e\" name=\"message\" class=\"u-border-palette-5-base u-input wpcf7-form-control u-input-rectangle\" required=\"\"><\/textarea>\n                          <\/div>\n                          <div class=\"u-align-left u-form-group wpcf7-form-control-wrap u-form-submit wpcf7-form-control u-form-group wpcf7-form-control-wrap-5\">\n                            <a href=\"#\" class=\"u-btn u-btn-submit wpcf7-submit u-button-style u-palette-5-base u-btn-1\">WY\u015blij<\/a>\n                            <input type=\"submit\" value=\"submit\" class=\"u-form-control-hidden\">\n                          <\/div>\n                          <div class=\"u-form-send-message u-form-send-success\"> Thank you! Your message has been sent. <\/div>\n                          <div class=\"u-form-send-error u-form-send-message\"> Unable to send your message. Please fix errors then try again. <\/div>\n                          <input type=\"hidden\" value=\"\" name=\"recaptchaResponse\">\n                        <input type=\"hidden\" name=\"_contact7_backend\" value=\"1\"><div class=\"wpcf7-response-output\" aria-hidden=\"true\"><\/div>\n<\/form>\n<\/div>\n\n                      <\/div>\n                    <\/div>\n                  <\/div>\n                <\/div>\n              <\/div>\n            <\/div>\n          <\/div>\n        <\/div>\n      <\/div>\n    <\/section>\n    \n    \n    \n    \n  \n","protected":false},"excerpt":{"rendered":"<p>&nbsp; Nazywam si\u0119 Malwina Ko\u0142aczkowska&nbsp; &nbsp; Specjalizuj\u0119 si\u0119 w pracy z&nbsp;traum\u0105 i jej wp\u0142ywem na funkcjonowanie&nbsp;psychiczne, emocjonalne oraz relacyjne. W swojej praktyce opracowa\u0142am autorsk\u0105 metod\u0119 integruj\u0105c\u0105 r\u00f3\u017cne podej\u015bcia terapeutyczne, umo\u017cliwiaj\u0105c\u0105 g\u0142\u0119bok\u0105 i skuteczn\u0105 prac\u0119 z cia\u0142em, emocjami i umys\u0142em.&nbsp;&nbsp; Z wykszta\u0142cenia jestem:&nbsp;Psychotraumatologiem,&nbsp; Psychologiem specjalno\u015bci klinicznej i osobowo\u015bci.&nbsp; Jestem&nbsp;terapeut\u0105 ustawie\u0144 systemowych.&nbsp; Uko\u0144czy\u0142am r\u00f3wnie\u017c&nbsp;studia podyplomowe&nbsp; z Psychobiologii &hellip; <a href=\"https:\/\/pracowniaswiadomychemocji.pl\/\" class=\"more-link\">Continue reading<span class=\"screen-reader-text\"> &#8222;Strona G\u0142\u00f3wna&#8221;<\/span><\/a><\/p>\n","protected":false},"author":1,"featured_media":0,"parent":0,"menu_order":5,"comment_status":"closed","ping_status":"closed","template":"","meta":{"footnotes":""},"class_list":["post-543","page","type-page","status-publish","hentry"],"_links":{"self":[{"href":"https:\/\/pracowniaswiadomychemocji.pl\/index.php\/wp-json\/wp\/v2\/pages\/543","targetHints":{"allow":["GET"]}}],"collection":[{"href":"https:\/\/pracowniaswiadomychemocji.pl\/index.php\/wp-json\/wp\/v2\/pages"}],"about":[{"href":"https:\/\/pracowniaswiadomychemocji.pl\/index.php\/wp-json\/wp\/v2\/types\/page"}],"author":[{"embeddable":true,"href":"https:\/\/pracowniaswiadomychemocji.pl\/index.php\/wp-json\/wp\/v2\/users\/1"}],"replies":[{"embeddable":true,"href":"https:\/\/pracowniaswiadomychemocji.pl\/index.php\/wp-json\/wp\/v2\/comments?post=543"}],"version-history":[{"count":42,"href":"https:\/\/pracowniaswiadomychemocji.pl\/index.php\/wp-json\/wp\/v2\/pages\/543\/revisions"}],"predecessor-version":[{"id":1549,"href":"https:\/\/pracowniaswiadomychemocji.pl\/index.php\/wp-json\/wp\/v2\/pages\/543\/revisions\/1549"}],"wp:attachment":[{"href":"https:\/\/pracowniaswiadomychemocji.pl\/index.php\/wp-json\/wp\/v2\/media?parent=543"}],"curies":[{"name":"wp","href":"https:\/\/api.w.org\/{rel}","templated":true}]}}