{"id":541,"date":"2021-09-07T18:11:38","date_gmt":"2021-09-07T18:11:38","guid":{"rendered":"https:\/\/pracowniaswiadomychemocji.pl\/index.php\/moje-metody-pracy\/"},"modified":"2025-11-28T15:53:41","modified_gmt":"2025-11-28T14:53:41","slug":"moje-metody-pracy","status":"publish","type":"page","link":"https:\/\/pracowniaswiadomychemocji.pl\/index.php\/moje-metody-pracy\/","title":{"rendered":"Moje metody pracy"},"content":{"rendered":"\n    \n    <section class=\"u-clearfix u-custom-color-2 u-section-2\" id=\"sec-3ddb\">\n      <div class=\"u-clearfix u-sheet u-sheet-1\">\n        <div class=\"fr-view u-align-left u-clearfix u-rich-text u-text u-text-1\">\n          <h3 style=\"text-align: center;\"><span style=\"font-weight: 700;\">Moje metody pracy<\/span>\n          <\/h3>\n          <p>\n            <br>\n          <\/p>\n          <p>\n            <img decoding=\"async\" src=\"https:\/\/pracowniaswiadomychemocji.pl\/wp-content\/uploads\/2025\/11\/2171125-1.jpg\" align=\"center\" style=\"width: 452px;\" class=\"fr-dib fr-fic\" width=\"570\">\n          <\/p>\n          <p>\n            <br>\n          <\/p>\n          <p><span class=\"u-custom-font u-heading-font\">Z wykszta\u0142cenia jestem psychotraumatologiem i psychologiem o specjalno\u015bci klinicznej i osobowo\u015bci, terapeut\u0105 ustawie\u0144 systemowych, kt\u00f3rych uczy\u0142am si\u0119 u Anny Brzozowskiej. Uko\u0144czy\u0142am studia podyplomowe z psychobiologii zdrowia. Jestem konsultantk\u0105 Totalnej Biologii oraz trenerk\u0105 metody EFT i Cellular EFT.<\/span>\n          <\/p>\n          <p><span class=\"u-custom-font u-heading-font\">Pracuj\u0119 z traum\u0105 w pe\u0142nym wymiarze. To nie tylko do\u015bwiadczenia z dzieci\u0144stwa, ale r\u00f3wnie\u017c traumy dziedziczone, traumy z okresu tzw. projekt cel, zapisane w naszych tkankach i pami\u0119ci cia\u0142a. Ka\u017cdy \u015blad pozostawiony w ciele i emocjach wp\u0142ywa na powtarzaj\u0105ce si\u0119 wzorce \u017cycia.<\/span>\n          <\/p>\n          <p><span class=\"u-custom-font u-heading-font\">Nie opieram si\u0119 wy\u0142\u0105cznie na teorii. Tworz\u0119 i stosuj\u0119 autorskie narz\u0119dzia pracy z traum\u0105 oraz uk\u0142adem nerwowym, kt\u00f3re pomagaj\u0105 regulowa\u0107 reakcje stresowe, uwalnia\u0107 zablokowane emocje i przywraca\u0107 r\u00f3wnowag\u0119 w ciele i psychice. Dzi\u0119ki nim moi klienci odzyskuj\u0105 poczucie bezpiecze\u0144stwa, kontakt z w\u0142asnymi emocjami i maj\u0105 mo\u017cliwo\u015b\u0107 wprowadzania trwa\u0142ych zmian w \u017cyciu.<\/span>\n          <\/p>\n          <p>\n            <br>\n          <\/p>\n          <p>\n            <img decoding=\"async\" src=\"https:\/\/pracowniaswiadomychemocji.pl\/wp-content\/uploads\/2025\/11\/2281125.jpg\" width=\"570\" style=\"width: 462px;\" class=\"fr-dib fr-fic\">\n          <\/p>\n          <p>\n            <br>\n          <\/p>\n          <p><span style=\"font-weight: 700;\">&nbsp;<\/span>\n          <\/p>\n          <p>Ustawienia systemowe, nazywane tak\u017ce ustawieniami rodzinnymi, pozwalaj\u0105 zobaczy\u0107 niewidzialne powi\u0105zania w rodzinie i systemie, dotrze\u0107 do niedo\u017cytych emocji i zaburze\u0144 wynikaj\u0105cych z dysharmonii Porz\u0105dk\u00f3w Mi\u0142o\u015bci. Porz\u0105dki te, odkryte przez Berta Hellingera, niemieckiego psychoterapeut\u0119, filozofa i mistyka, kieruj\u0105 funkcjonowaniem systemu rodzinnego i pokazuj\u0105, gdzie powsta\u0142y blokady i jak je uwolni\u0107.<\/p>\n          <p>Dzi\u0119ki ustawieniom klient zyskuje g\u0142\u0119bokie zrozumienie swojego miejsca w systemie, odkrywa praprzyczyn\u0119 trudno\u015bci. Spotkanie mo\u017ce mie\u0107 form\u0119 pojedynczej konsultacji lub sta\u0107 si\u0119 cz\u0119\u015bci\u0105 d\u0142ugoterminowego procesu, kt\u00f3ry zmienia \u017cycie od \u015brodka.<\/p>\n          <p>\n            <br>\n          <\/p>\n          <p>Psychotraumatologia to dziedzina psychologii zajmuj\u0105ca si\u0119 badaniem i terapi\u0105 skutk\u00f3w traumatycznych do\u015bwiadcze\u0144 w \u017cyciu cz\u0142owieka. Koncentruje si\u0119 na mechanizmach powstawania traumy, jej wp\u0142ywie na funkcjonowanie psychiczne i somatyczne oraz na metodach wspierania os\u00f3b do\u015bwiadczaj\u0105cych skutk\u00f3w traum. Psychotraumatologia obejmuje tak\u017ce prac\u0119 terapeutyczn\u0105 z traum\u0105 prze\u017cywan\u0105 przez drugiego cz\u0142owieka, uwzgl\u0119dniaj\u0105c indywidualne reakcje, dynamik\u0119 emocjonaln\u0105 i neurobiologiczne konsekwencje prze\u017cy\u0107 traumatycznych.<\/p>\n          <p>\n            <br>\n          <\/p>\n          <p>Psychologia: W pracy terapeutycznej wykorzystuj\u0119 szerok\u0105 wiedz\u0119 z zakresu psychologii, co pozwala na rzeteln\u0105 diagnoz\u0119 i g\u0142\u0119bokie zrozumienie mechanizm\u00f3w funkcjonowania psychiki klienta. Analizuj\u0119 procesy emocjonalne, poznawcze i behawioralne, a tak\u017ce zale\u017cno\u015bci mi\u0119dzy do\u015bwiadczeniami z przesz\u0142o\u015bci a aktualnym funkcjonowaniem. Takie podej\u015bcie umo\u017cliwia kompleksow\u0105 prac\u0119 nad trudno\u015bciami emocjonalnymi i psychicznymi, pozwalaj\u0105c na \u015bwiadome wprowadzanie trwa\u0142ych zmian w \u017cyciu klienta.<\/p>\n          <p>\n            <br>\n          <\/p>\n          <p>Psychobiologia zdrowia, Recall Healing i Totalna Biologia pozwalaj\u0105 dotrze\u0107 do \u017ar\u00f3d\u0142a problem\u00f3w, chor\u00f3b i \u017cyciowych trudno\u015bci. Te metody dzia\u0142aj\u0105 na poziomie umys\u0142u, cia\u0142a i emocji, pozwalaj\u0105c dostrzec, jak nasze do\u015bwiadczenia oraz do\u015bwiadczenia przodk\u00f3w wp\u0142ywaj\u0105 na to, co prze\u017cywamy dzisiaj. Analizuj\u0105c zale\u017cno\u015bci rodowe, symptomy w ciele oraz powtarzaj\u0105ce si\u0119 wzorce w zwi\u0105zkach, finansach i relacjach, odkrywamy traumy i st\u0142umione emocje, kt\u00f3re stanowi\u0105 rdze\u0144 problemu.<\/p>\n          <p>\n            <br>\n          <\/p>\n          <p>Praca z tymi metodami tworzy pomost mi\u0119dzy \u015bwiadomo\u015bci\u0105 a pod\u015bwiadomo\u015bci\u0105, pozwalaj\u0105c dotkn\u0105\u0107 prawdy o sobie, zrozumie\u0107 swoje mechanizmy i otworzy\u0107 drog\u0119 do realnej zmiany oraz transformacji \u017cycia.<\/p>\n          <p>\n            <br>\n          <\/p>\n          <p><span class=\"u-custom-font u-heading-font\">EFT (Techniki Emocjonalnej Wolno\u015bci) to niezwykle szybkie i skuteczne narz\u0119dzie do pracy z cia\u0142em, emocjami i pod\u015bwiadomo\u015bci\u0105, z kt\u00f3rej korzysta coraz wi\u0119cej terapeut\u00f3w. Dzi\u0119ki tej metodzie jeste\u015bmy w stanie nie tylko pracowa\u0107 z problemem na poziomie umys\u0142u i \u015bwiadomo\u015bci, ale r\u00f3wnie\u017c uwalnia\u0107 blokady z naszego cia\u0142a oraz oczyszcza\u0107 si\u0119 na poziomie emocjonalnym. EFT bazuje na wiedzy, pochodz\u0105cej z medycyny chi\u0144skiej, kt\u00f3ra wskazuje na wa\u017cne, energetyczne punkty na ciele cz\u0142owieka \u2013 meridiany. To skupiska zako\u0144cze\u0144 nerwowych i punkty strategiczne dla przep\u0142ywu energii \u017cyciowej w naszym ciele (kana\u0142y energetyczne). Te same miejsca s\u0105 wykorzystywane przy akupunkturze i akupresurze, dlatego EFT zwane jest \u201eemocjonaln\u0105 akupunktur\u0105\u201d.<\/span>\n          <\/p>\n          <p><span class=\"u-custom-font u-heading-font\">&nbsp;Praktyka EFT polega na opukiwaniu meridian i wprowadzaniu do nich wibracji, dzi\u0119ki czemu mo\u017cemy uwalnia\u0107 od blokad nasze cia\u0142o, emocje i umys\u0142.&nbsp;<\/span>\n          <\/p>\n          <p>\n            <br>\n          <\/p>\n          <p id=\"isPasted\">CELLUAR EFT to dok\u0142adnie praca z nasz\u0105 pami\u0119ci\u0105 kom\u00f3rkow\u0105.<\/p>\n          <div dir=\"auto\" style=\"border-color: rgb(0, 0, 0);\">Istnieje ju\u017c wiele bada\u0144 naukowych, kt\u00f3re potwierdzaj\u0105, \u017ce w naszej pami\u0119ci kom\u00f3rkowej mamy zapis nie tylko prze\u017cytych naszych do\u015bwiadcze\u0144, ale mog\u0105 by\u0107 to r\u00f3wnie\u017c problemy emocjonalne odziedziczone po przodkach.<\/div>\n          <div dir=\"auto\" style=\"border-color: rgb(0, 0, 0);\"><span class=\"u-custom-font u-heading-font\">\n              <br><\/span>\n          <\/div>\n          <div dir=\"auto\" style=\"border-color: rgb(0, 0, 0);\">W jakich obszarach mo\u017cna pracowa\u0107 metod\u0105 Cellular EFT?<\/div>\n          <div dir=\"auto\" style=\"border-color: rgb(0, 0, 0);\"><span class=\"u-custom-font u-heading-font\">\n              <br><\/span>\n          <\/div>\n          <div dir=\"auto\" style=\"border-color: rgb(0, 0, 0);\">* Uzdrawianie program\u00f3w pocz\u0119cia, prenatalnych i porodowych<br>* Uzdrawianie relacji z rodzicami* Uzdrawianie Wewn\u0119trznego Dziecka<br>* Uzdrawianie lojalno\u015bci rodowej i blokad w r\u00f3\u017cnych tematach \u017cyciowych<br>* Uzdrawianie blokady rodowej dotycz\u0105cej naszego istnienia <br>* Uzdrawianie l\u0119ku przed sukcesem\/pora\u017ck\u0105 og\u00f3lnie oraz w konkretnym aspekcie<br>* Integracja tr\u00f3jni m\u00f3zgu.\n          <\/div>\n          <p>\n            <br>\n          <\/p>\n          <p>\n            <br>\n          <\/p>\n        <\/div>\n      <\/div>\n    <\/section>\n    \n    \n    \n    \n  \n","protected":false},"excerpt":{"rendered":"<p>Moje metody pracy Z wykszta\u0142cenia jestem psychotraumatologiem i psychologiem o specjalno\u015bci klinicznej i osobowo\u015bci, terapeut\u0105 ustawie\u0144 systemowych, kt\u00f3rych uczy\u0142am si\u0119 u Anny Brzozowskiej. Uko\u0144czy\u0142am studia podyplomowe z psychobiologii zdrowia. Jestem konsultantk\u0105 Totalnej Biologii oraz trenerk\u0105 metody EFT i Cellular EFT. Pracuj\u0119 z traum\u0105 w pe\u0142nym wymiarze. To nie tylko do\u015bwiadczenia z dzieci\u0144stwa, ale r\u00f3wnie\u017c traumy &hellip; <a href=\"https:\/\/pracowniaswiadomychemocji.pl\/index.php\/moje-metody-pracy\/\" class=\"more-link\">Continue reading<span class=\"screen-reader-text\"> &#8222;Moje metody pracy&#8221;<\/span><\/a><\/p>\n","protected":false},"author":1,"featured_media":0,"parent":0,"menu_order":3,"comment_status":"closed","ping_status":"closed","template":"","meta":{"footnotes":""},"class_list":["post-541","page","type-page","status-publish","hentry"],"_links":{"self":[{"href":"https:\/\/pracowniaswiadomychemocji.pl\/index.php\/wp-json\/wp\/v2\/pages\/541","targetHints":{"allow":["GET"]}}],"collection":[{"href":"https:\/\/pracowniaswiadomychemocji.pl\/index.php\/wp-json\/wp\/v2\/pages"}],"about":[{"href":"https:\/\/pracowniaswiadomychemocji.pl\/index.php\/wp-json\/wp\/v2\/types\/page"}],"author":[{"embeddable":true,"href":"https:\/\/pracowniaswiadomychemocji.pl\/index.php\/wp-json\/wp\/v2\/users\/1"}],"replies":[{"embeddable":true,"href":"https:\/\/pracowniaswiadomychemocji.pl\/index.php\/wp-json\/wp\/v2\/comments?post=541"}],"version-history":[{"count":10,"href":"https:\/\/pracowniaswiadomychemocji.pl\/index.php\/wp-json\/wp\/v2\/pages\/541\/revisions"}],"predecessor-version":[{"id":1548,"href":"https:\/\/pracowniaswiadomychemocji.pl\/index.php\/wp-json\/wp\/v2\/pages\/541\/revisions\/1548"}],"wp:attachment":[{"href":"https:\/\/pracowniaswiadomychemocji.pl\/index.php\/wp-json\/wp\/v2\/media?parent=541"}],"curies":[{"name":"wp","href":"https:\/\/api.w.org\/{rel}","templated":true}]}}